{"id":100,"date":"2025-03-01T13:56:39","date_gmt":"2025-03-01T16:56:39","guid":{"rendered":"https:\/\/paz.org.br\/livraria\/?page_id=100"},"modified":"2025-03-06T16:26:50","modified_gmt":"2025-03-06T19:26:50","slug":"inicio","status":"publish","type":"page","link":"https:\/\/paz.org.br\/livraria\/","title":{"rendered":"In\u00edcio"},"content":{"rendered":"\t\t<div data-elementor-type=\"wp-page\" data-elementor-id=\"100\" class=\"elementor elementor-100\">\n\t\t\t\t<div class=\"elementor-element elementor-element-8077530 elementor-hidden-mobile e-flex e-con-boxed e-con e-parent\" data-id=\"8077530\" data-element_type=\"container\" data-e-type=\"container\" data-settings=\"{&quot;background_background&quot;:&quot;classic&quot;}\">\n\t\t\t\t\t<div class=\"e-con-inner\">\n\t\t\t\t\t<\/div>\n\t\t\t\t<\/div>\n\t\t<div class=\"elementor-element elementor-element-9cfeb50 elementor-hidden-desktop elementor-hidden-tablet e-flex e-con-boxed e-con e-parent\" data-id=\"9cfeb50\" data-element_type=\"container\" data-e-type=\"container\" data-settings=\"{&quot;background_background&quot;:&quot;classic&quot;}\">\n\t\t\t\t\t<div class=\"e-con-inner\">\n\t\t\t\t\t<\/div>\n\t\t\t\t<\/div>\n\t\t<div class=\"elementor-element elementor-element-e257583 e-flex e-con-boxed e-con e-parent\" data-id=\"e257583\" data-element_type=\"container\" data-e-type=\"container\">\n\t\t\t\t\t<div class=\"e-con-inner\">\n\t\t\t\t<div class=\"elementor-element elementor-element-00fcfb9 elementor-widget__width-initial elementor-widget elementor-widget-heading\" data-id=\"00fcfb9\" data-element_type=\"widget\" data-e-type=\"widget\" data-widget_type=\"heading.default\">\n\t\t\t\t<div class=\"elementor-widget-container\">\n\t\t\t\t\t<h2 class=\"elementor-heading-title elementor-size-default\">T\u00edtulos mais recentes<\/h2>\t\t\t\t<\/div>\n\t\t\t\t<\/div>\n\t\t\t\t<div class=\"elementor-element elementor-element-5e43f79 elementor-align-left elementor-widget__width-initial elementor-widget elementor-widget-shopengine-product-list\" data-id=\"5e43f79\" data-element_type=\"widget\" data-e-type=\"widget\" data-settings=\"{&quot;show_product_hover_overlay&quot;:&quot;yes&quot;,&quot;product_hover_overlay_position&quot;:&quot;bottom&quot;}\" data-widget_type=\"shopengine-product-list.default\">\n\t\t\t\t<div class=\"elementor-widget-container\">\n\t\t\t\t\t<div class=\"shopengine shopengine-widget\"><\/div>\t\t\t\t<\/div>\n\t\t\t\t<\/div>\n\t\t\t\t\t<\/div>\n\t\t\t\t<\/div>\n\t\t\t\t<\/div>\n\t\t","protected":false},"excerpt":{"rendered":"<p>T\u00edtulos mais recentes Adicionar ao carrinho Auto-Ajuda O Que a Doutrina Esp\u00edrita Pode Fazer Por Voc\u00ea &#8211; Transcri\u00e7\u00f5es e Apontamentos (Pequeno) Avalia\u00e7\u00e3o 0 de 5(0) &#82;&#36;&nbsp;35,00 Adicionar ao carrinho Auto-Ajuda O Livro dos Esp\u00edritos &#8211; Pequeno Avalia\u00e7\u00e3o 0 de 5(0) &#82;&#36;&nbsp;35,00 Adicionar ao carrinho Biografia Cinquenta Anos Depois Avalia\u00e7\u00e3o 0 de 5(0) &#82;&#36;&nbsp;50,00 Adicionar ao [&hellip;]<\/p>\n","protected":false},"author":1,"featured_media":0,"parent":0,"menu_order":0,"comment_status":"closed","ping_status":"closed","template":"elementor_header_footer","meta":{"footnotes":""},"class_list":["post-100","page","type-page","status-publish","hentry"],"_links":{"self":[{"href":"https:\/\/paz.org.br\/livraria\/wp-json\/wp\/v2\/pages\/100","targetHints":{"allow":["GET"]}}],"collection":[{"href":"https:\/\/paz.org.br\/livraria\/wp-json\/wp\/v2\/pages"}],"about":[{"href":"https:\/\/paz.org.br\/livraria\/wp-json\/wp\/v2\/types\/page"}],"author":[{"embeddable":true,"href":"https:\/\/paz.org.br\/livraria\/wp-json\/wp\/v2\/users\/1"}],"replies":[{"embeddable":true,"href":"https:\/\/paz.org.br\/livraria\/wp-json\/wp\/v2\/comments?post=100"}],"version-history":[{"count":64,"href":"https:\/\/paz.org.br\/livraria\/wp-json\/wp\/v2\/pages\/100\/revisions"}],"predecessor-version":[{"id":680,"href":"https:\/\/paz.org.br\/livraria\/wp-json\/wp\/v2\/pages\/100\/revisions\/680"}],"wp:attachment":[{"href":"https:\/\/paz.org.br\/livraria\/wp-json\/wp\/v2\/media?parent=100"}],"curies":[{"name":"wp","href":"https:\/\/api.w.org\/{rel}","templated":true}]}}