{"id":105,"date":"2025-03-01T13:57:22","date_gmt":"2025-03-01T16:57:22","guid":{"rendered":"https:\/\/paz.org.br\/livraria\/?page_id=105"},"modified":"2025-03-21T17:15:20","modified_gmt":"2025-03-21T20:15:20","slug":"sobre-nos","status":"publish","type":"page","link":"https:\/\/paz.org.br\/livraria\/sobre-nos\/","title":{"rendered":"Sobre N\u00f3s"},"content":{"rendered":"\t\t<div data-elementor-type=\"wp-page\" data-elementor-id=\"105\" class=\"elementor elementor-105\">\n\t\t\t\t<div class=\"elementor-element elementor-element-74d32a7 e-flex e-con-boxed e-con e-parent\" data-id=\"74d32a7\" data-element_type=\"container\" data-e-type=\"container\" data-settings=\"{&quot;background_background&quot;:&quot;classic&quot;}\">\n\t\t\t\t\t<div class=\"e-con-inner\">\n\t\t\t\t<div class=\"elementor-element elementor-element-1bb3a6e elementor-widget elementor-widget-heading\" data-id=\"1bb3a6e\" data-element_type=\"widget\" data-e-type=\"widget\" data-widget_type=\"heading.default\">\n\t\t\t\t<div class=\"elementor-widget-container\">\n\t\t\t\t\t<h2 class=\"elementor-heading-title elementor-size-default\">Sobre N\u00f3s<\/h2>\t\t\t\t<\/div>\n\t\t\t\t<\/div>\n\t\t\t\t\t<\/div>\n\t\t\t\t<\/div>\n\t\t<div class=\"elementor-element elementor-element-ed50c2b e-flex e-con-boxed e-con e-parent\" data-id=\"ed50c2b\" data-element_type=\"container\" data-e-type=\"container\">\n\t\t\t\t\t<div class=\"e-con-inner\">\n\t\t<div class=\"elementor-element elementor-element-f97fa65 e-con-full e-flex e-con e-child\" data-id=\"f97fa65\" data-element_type=\"container\" data-e-type=\"container\">\n\t\t\t\t<div class=\"elementor-element elementor-element-592cc87 elementor-widget__width-initial elementor-widget elementor-widget-image\" data-id=\"592cc87\" data-element_type=\"widget\" data-e-type=\"widget\" data-widget_type=\"image.default\">\n\t\t\t\t<div class=\"elementor-widget-container\">\n\t\t\t\t\t\t\t\t\t\t\t\t\t\t\t\t<a href=\"http:\/\/paz.org.br\" target=\"_blank\">\n\t\t\t\t\t\t\t<img fetchpriority=\"high\" decoding=\"async\" width=\"800\" height=\"508\" src=\"https:\/\/paz.org.br\/livraria\/wp-content\/uploads\/2025\/03\/logo-gep.png\" class=\"attachment-large size-large wp-image-1022\" alt=\"\" srcset=\"https:\/\/paz.org.br\/livraria\/wp-content\/uploads\/2025\/03\/logo-gep.png 882w, https:\/\/paz.org.br\/livraria\/wp-content\/uploads\/2025\/03\/logo-gep-300x190.png 300w, https:\/\/paz.org.br\/livraria\/wp-content\/uploads\/2025\/03\/logo-gep-768x488.png 768w, https:\/\/paz.org.br\/livraria\/wp-content\/uploads\/2025\/03\/logo-gep-600x381.png 600w, https:\/\/paz.org.br\/livraria\/wp-content\/uploads\/2025\/03\/logo-gep-64x41.png 64w\" sizes=\"(max-width: 800px) 100vw, 800px\" \/>\t\t\t\t\t\t\t\t<\/a>\n\t\t\t\t\t\t\t\t\t\t\t\t\t\t\t<\/div>\n\t\t\t\t<\/div>\n\t\t\t\t<\/div>\n\t\t<div class=\"elementor-element elementor-element-8df0b53 e-con-full e-flex e-con e-child\" data-id=\"8df0b53\" data-element_type=\"container\" data-e-type=\"container\">\n\t\t\t\t<div class=\"elementor-element elementor-element-a413470 elementor-widget elementor-widget-text-editor\" data-id=\"a413470\" data-element_type=\"widget\" data-e-type=\"widget\" data-widget_type=\"text-editor.default\">\n\t\t\t\t<div class=\"elementor-widget-container\">\n\t\t\t\t\t\t\t\t\t<p>A <b>Livraria Emmanuel<\/b> integra o <b>Grupo Esp\u00edrita da Paz<\/b>, uma institui\u00e7\u00e3o dedicada \u00e0 assist\u00eancia social e ao fortalecimento espiritual, fundada em 20 de janeiro de 1982, inicialmente com o nome de PROC\u00c1RITAS, e que, a partir de 1985, adotou sua atual denomina\u00e7\u00e3o.<\/p><p><span style=\"font-weight: 400;\">O surgimento da institui\u00e7\u00e3o veio da necessidade de apoiar a comunidade local, oferecendo suporte diante das dificuldades enfrentadas por crian\u00e7as, jovens e adultos. Entre as principais a\u00e7\u00f5es est\u00e3o a oferta de alimentos, rem\u00e9dios, cursos profissionalizantes e a integra\u00e7\u00e3o de crian\u00e7as com necessidades especiais, al\u00e9m de promover o desenvolvimento educacional e o fortalecimento dos la\u00e7os familiares.<\/span><\/p><p><span style=\"font-weight: 400;\">Focamos nos ensinamentos deixados por Chico Xavier e Allan Kardec, por meio do estudo cont\u00ednuo do &#8220;Evangelho Segundo o Espiritismo &#8221; em reuni\u00f5es regulares que buscam o aprimoramento moral e espiritual dos participantes. A institui\u00e7\u00e3o tamb\u00e9m se destaca na produ\u00e7\u00e3o de medica\u00e7\u00f5es fitoter\u00e1picas e na fabrica\u00e7\u00e3o do Unguento Eur\u00edpedes Barsanulfo, al\u00e9m de colaborar com outras associa\u00e7\u00f5es esp\u00edritas na formula\u00e7\u00e3o de pomadas, todas elaboradas com produtos naturais e produzidas localmente, refor\u00e7ando o compromisso com o bem-estar f\u00edsico e espiritual da comunidade.<\/span><\/p><p><span style=\"font-weight: 400;\">Al\u00e9m disso, realizamos a distribui\u00e7\u00e3o gratuita dessas medica\u00e7\u00f5es para todo o Brasil, contribuindo para o cuidado daqueles que mais necessitam. Tamb\u00e9m promovemos atividades como a prepara\u00e7\u00e3o de sopas e a doa\u00e7\u00e3o de cestas b\u00e1sicas, buscando combater as necessidades das pessoas carentes e oferecer amparo material e espiritual.<\/span><\/p><p><span style=\"font-weight: 400;\">O compromisso \u00e9 atender \u00e0s m\u00faltiplas necessidades da comunidade, incentivando a participa\u00e7\u00e3o ativa na sociedade e estimulando a busca por solu\u00e7\u00f5es para os desafios do cotidiano. <\/span><\/p><p><span style=\"font-weight: 400;\">Mais do que oferecer assist\u00eancia, o objetivo \u00e9 resgatar a autoestima e a cidadania, proporcionando oportunidades para que todos se tornem membros funcionais e integrados \u00e0 sociedade.<\/span><\/p><p><b>Hor\u00e1rio de Atendimento:<\/b><span style=\"font-weight: 400;\"> das 8 horas at\u00e9 \u00e0s 17 horas, de segunda a sexta-feira<\/span><\/p>\t\t\t\t\t\t\t\t<\/div>\n\t\t\t\t<\/div>\n\t\t\t\t<\/div>\n\t\t\t\t\t<\/div>\n\t\t\t\t<\/div>\n\t\t\t\t<\/div>\n\t\t","protected":false},"excerpt":{"rendered":"<p>Sobre N\u00f3s A Livraria Emmanuel integra o Grupo Esp\u00edrita da Paz, uma institui\u00e7\u00e3o dedicada \u00e0 assist\u00eancia social e ao fortalecimento espiritual, fundada em 20 de janeiro de 1982, inicialmente com o nome de PROC\u00c1RITAS, e que, a partir de 1985, adotou sua atual denomina\u00e7\u00e3o. O surgimento da institui\u00e7\u00e3o veio da necessidade de apoiar a comunidade [&hellip;]<\/p>\n","protected":false},"author":1,"featured_media":0,"parent":0,"menu_order":0,"comment_status":"closed","ping_status":"closed","template":"elementor_header_footer","meta":{"footnotes":""},"class_list":["post-105","page","type-page","status-publish","hentry"],"_links":{"self":[{"href":"https:\/\/paz.org.br\/livraria\/wp-json\/wp\/v2\/pages\/105","targetHints":{"allow":["GET"]}}],"collection":[{"href":"https:\/\/paz.org.br\/livraria\/wp-json\/wp\/v2\/pages"}],"about":[{"href":"https:\/\/paz.org.br\/livraria\/wp-json\/wp\/v2\/types\/page"}],"author":[{"embeddable":true,"href":"https:\/\/paz.org.br\/livraria\/wp-json\/wp\/v2\/users\/1"}],"replies":[{"embeddable":true,"href":"https:\/\/paz.org.br\/livraria\/wp-json\/wp\/v2\/comments?post=105"}],"version-history":[{"count":53,"href":"https:\/\/paz.org.br\/livraria\/wp-json\/wp\/v2\/pages\/105\/revisions"}],"predecessor-version":[{"id":1025,"href":"https:\/\/paz.org.br\/livraria\/wp-json\/wp\/v2\/pages\/105\/revisions\/1025"}],"wp:attachment":[{"href":"https:\/\/paz.org.br\/livraria\/wp-json\/wp\/v2\/media?parent=105"}],"curies":[{"name":"wp","href":"https:\/\/api.w.org\/{rel}","templated":true}]}}