{"id":278,"date":"2025-03-02T18:55:52","date_gmt":"2025-03-02T21:55:52","guid":{"rendered":"https:\/\/paz.org.br\/livraria\/?page_id=278"},"modified":"2025-03-05T17:46:23","modified_gmt":"2025-03-05T20:46:23","slug":"entregas-e-prazos","status":"publish","type":"page","link":"https:\/\/paz.org.br\/livraria\/entregas-e-prazos\/","title":{"rendered":"Pol\u00edticas de Entregas e Prazos"},"content":{"rendered":"\t\t<div data-elementor-type=\"wp-page\" data-elementor-id=\"278\" class=\"elementor elementor-278\">\n\t\t\t\t<div class=\"elementor-element elementor-element-f5ded8d e-flex e-con-boxed e-con e-parent\" data-id=\"f5ded8d\" data-element_type=\"container\" data-e-type=\"container\">\n\t\t\t\t\t<div class=\"e-con-inner\">\n\t\t\t\t<div class=\"elementor-element elementor-element-e01d736 elementor-widget elementor-widget-text-editor\" data-id=\"e01d736\" data-element_type=\"widget\" data-e-type=\"widget\" data-widget_type=\"text-editor.default\">\n\t\t\t\t<div class=\"elementor-widget-container\">\n\t\t\t\t\t\t\t\t\t<h3>Pol\u00edticas de Entregas e Prazos<\/h3><p>A <strong>Livraria Emmanuel<\/strong> se dedica a proporcionar uma experi\u00eancia de compra completa e satisfat\u00f3ria, desde a escolha do produto at\u00e9 a entrega em sua casa. Para garantir que voc\u00ea receba seu pedido com seguran\u00e7a e agilidade, elaboramos esta Pol\u00edtica de Entregas e Prazos.<\/p><p><strong>1. Prazo de Entrega:<\/strong><\/p><p>O prazo de entrega do seu pedido \u00e9 dividido em duas etapas:<\/p><p><strong>a) Prazo de Separa\u00e7\u00e3o e Postagem:<\/strong><\/p><p>Ap\u00f3s a confirma\u00e7\u00e3o do pagamento, seu pedido ser\u00e1 processado e separado em at\u00e9 <strong>2 (dois) dias \u00fateis<\/strong>. Em seguida, ser\u00e1 postado nos Correios.<\/p><p><strong>b) Prazo de Transporte:<\/strong><\/p><p>O Prazo de Transporte varia de acordo com a sua localiza\u00e7\u00e3o e o m\u00e9todo de envio escolhido no momento da compra. Voc\u00ea pode calcular uma previs\u00e3o do prazo de entrega diretamente no site dos Correios, utilizando o c\u00f3digo de rastreamento que enviamos por e-mail ap\u00f3s a postagem do seu pedido.<\/p><p><strong>2. M\u00e9todos de Envio:<\/strong><\/p><p>A <strong>Livraria Emmanuel<\/strong> oferece os m\u00e9todos de envio abaixo listados, para atender \u00e0s suas necessidades:<\/p><ul><li><strong>PAC<\/strong> &#8211; Envio mais econ\u00f4mico, com prazo de entrega m\u00e9dio de 5 a 12 dias \u00fateis.<\/li><li><strong>SEDEX<\/strong> &#8211; Envio mais r\u00e1pido, com prazo de entrega m\u00e9dio entre 1 a 4 dias \u00fateis.<\/li><\/ul><p><strong>3. Rastreamento de Pedidos:<\/strong><\/p><p>Ap\u00f3s a postagem do seu pedido, voc\u00ea receber\u00e1 um e-mail com o c\u00f3digo de rastreamento para acompanhar a situa\u00e7\u00e3o da sua entrega em tempo real, no site dos Correios.<\/p><p><strong>4. Dicas para Agilizar a Entrega:<\/strong><\/p><ul><li><strong>Confirme seus dados<\/strong> <strong>cadastrais<\/strong> &#8211; Certifique-se de que o endere\u00e7o de entrega esteja correto e completo.<\/li><li><strong>Fique atento ao e-mail de confirma\u00e7\u00e3o<\/strong> &#8211; Verifique se o m\u00e9todo de envio e o prazo de entrega est\u00e3o de acordo com suas expectativas.<\/li><li><strong>Acompanhe o rastreamento<\/strong> &#8211; Utilize o c\u00f3digo de rastreamento para acompanhar a situa\u00e7\u00e3o de entrega e evitar atrasos.<\/li><\/ul><p><strong>5. Atraso na Entrega:<\/strong><\/p><p>Em caso de atraso na entrega, voc\u00ea pode:<\/p><p><strong>a) Acessar o site dos Correios<\/strong> &#8211; Utilize o c\u00f3digo de rastreamento para verificar a causa do atraso e entrar em contato com os Correios para solicitar informa\u00e7\u00f5es adicionais.<\/p><p><strong>b) Contatar nosso suporte<\/strong> &#8211; Entre em contato conosco atrav\u00e9s dos nossos canais de atendimento ao cliente para que possamos verificar a situa\u00e7\u00e3o e ajud\u00e1-lo.<\/p><p><strong>6. Aus\u00eancia no Local da Entrega:<\/strong><\/p><p>Em caso de aus\u00eancia no local da entrega no momento da tentativa de entrega, os Correios far\u00e3o mais duas tentativas, em dias subsequentes. Caso n\u00e3o seja poss\u00edvel entregar o pedido, ele ser\u00e1 devolvido para o nosso endere\u00e7o.<\/p><p><strong>7. Extravio ou Produto Danificado:<\/strong><\/p><p>Em caso de extravio ou dano no produto durante o transporte, a\u00a0<strong>Livraria Emmanuel<\/strong> se responsabiliza por solucionar o problema e garantir a sua satisfa\u00e7\u00e3o. Entre em contato conosco atrav\u00e9s dos nossos canais de atendimento ao cliente para que possamos analisar a situa\u00e7\u00e3o e tomar as provid\u00eancias adequadas.<\/p><p><strong>8. Cancelamento de Pedido:<\/strong><\/p><p>O pedido poder\u00e1 ser cancelado a qualquer momento, <strong>antes do envio<\/strong>. Para cancelar o seu pedido, basta entrar em contato conosco atrav\u00e9s dos nossos canais de atendimento ao cliente.<\/p><p><strong>9. Contatos:<\/strong><\/p><ul><li><strong>E-Mail<\/strong> &#8211; contato@paz.org.br<\/li><li><strong>WhatsApp<\/strong> &#8211; (64) 9 8406 0095<\/li><\/ul><p><strong>10. Considera\u00e7\u00f5es Finais:<\/strong><\/p><p>A\u00a0<strong>Livraria Emmanuel<\/strong> se esfor\u00e7a para garantir que voc\u00ea receba seu produto dentro do prazo previsto. No entanto, fatores externos como greves, condi\u00e7\u00f5es clim\u00e1ticas adversas e outros imprevistos podem ocasionar atrasos na entrega. Em tais situa\u00e7\u00f5es, a\u00a0<strong>Livraria Emmanuel<\/strong> se compromete a manter voc\u00ea informado sobre a situa\u00e7\u00e3o do seu pedido e a tomar as medidas cab\u00edveis para minimizar o impacto do atraso.<\/p><p><strong>Agradecemos a sua prefer\u00eancia!<\/strong><\/p><p><strong>Equipe da Livraria Emmanuel, Grupo Esp\u00edrita da Paz.<\/strong><\/p>\t\t\t\t\t\t\t\t<\/div>\n\t\t\t\t<\/div>\n\t\t\t\t\t<\/div>\n\t\t\t\t<\/div>\n\t\t\t\t<\/div>\n\t\t","protected":false},"excerpt":{"rendered":"<p>Pol\u00edticas de Entregas e Prazos A Livraria Emmanuel se dedica a proporcionar uma experi\u00eancia de compra completa e satisfat\u00f3ria, desde a escolha do produto at\u00e9 a entrega em sua casa. Para garantir que voc\u00ea receba seu pedido com seguran\u00e7a e agilidade, elaboramos esta Pol\u00edtica de Entregas e Prazos. 1. Prazo de Entrega: O prazo de [&hellip;]<\/p>\n","protected":false},"author":1,"featured_media":0,"parent":0,"menu_order":0,"comment_status":"closed","ping_status":"closed","template":"elementor_header_footer","meta":{"footnotes":""},"class_list":["post-278","page","type-page","status-publish","hentry"],"_links":{"self":[{"href":"https:\/\/paz.org.br\/livraria\/wp-json\/wp\/v2\/pages\/278","targetHints":{"allow":["GET"]}}],"collection":[{"href":"https:\/\/paz.org.br\/livraria\/wp-json\/wp\/v2\/pages"}],"about":[{"href":"https:\/\/paz.org.br\/livraria\/wp-json\/wp\/v2\/types\/page"}],"author":[{"embeddable":true,"href":"https:\/\/paz.org.br\/livraria\/wp-json\/wp\/v2\/users\/1"}],"replies":[{"embeddable":true,"href":"https:\/\/paz.org.br\/livraria\/wp-json\/wp\/v2\/comments?post=278"}],"version-history":[{"count":17,"href":"https:\/\/paz.org.br\/livraria\/wp-json\/wp\/v2\/pages\/278\/revisions"}],"predecessor-version":[{"id":579,"href":"https:\/\/paz.org.br\/livraria\/wp-json\/wp\/v2\/pages\/278\/revisions\/579"}],"wp:attachment":[{"href":"https:\/\/paz.org.br\/livraria\/wp-json\/wp\/v2\/media?parent=278"}],"curies":[{"name":"wp","href":"https:\/\/api.w.org\/{rel}","templated":true}]}}