{"id":1054,"date":"2025-04-23T16:13:48","date_gmt":"2025-04-23T19:13:48","guid":{"rendered":"https:\/\/paz.org.br\/livraria\/?post_type=product&#038;p=1054"},"modified":"2025-06-12T09:55:18","modified_gmt":"2025-06-12T12:55:18","slug":"transicao-planetaria-cosmogenese-planetaria","status":"publish","type":"product","link":"https:\/\/paz.org.br\/livraria\/produto\/transicao-planetaria-cosmogenese-planetaria\/","title":{"rendered":"TRANSI\u00c7\u00c3O PLANET\u00c1RIA \u2013 Cosmog\u00eanese Planet\u00e1ria"},"content":{"rendered":"<p><span style=\"font-weight: 400;\">Nesta obra profunda e reveladora, o leitor \u00e9 convidado <\/span><span style=\"font-weight: 400;\">a expandir sua percep\u00e7\u00e3o sobre a evolu\u00e7\u00e3o universal, <\/span><span style=\"font-weight: 400;\">transcendendo as limita\u00e7\u00f5es das teorias puramente criacionistas ou fisiol\u00f3gicas. A proposta \u00e9 clara: a evolu\u00e7\u00e3o \u00e9 <\/span><span style=\"font-weight: 400;\">o somat\u00f3rio de m\u00faltiplas perspectivas, um processo cont\u00ednuo rumo \u00e0 perfei\u00e7\u00e3o.<\/span><\/p>\n<p>Explorando a energia primitiva do homem e os elementos essenciais da evolu\u00e7\u00e3o \u2013 desde os seres portadores de fluidos vitais, como animais e vegetais, at\u00e9 os inorg\u00e2nicos, como os minerais -, o livro levanta a inquietante pergunta: <span style=\"font-weight: 400;\">como se opera a evolu\u00e7\u00e3o de todos os seres?<\/span><\/p>\n<p><span style=\"font-weight: 400;\">Com base em di\u00e1logos ricos e inspiradores com Chico Xavier \u2013 o &#8220;Profeta dos Profetas&#8221; \u2013, os ensinamentos compartilhados enriquecem o conte\u00fado desta obra, iluminando aspectos profundos e interdimensionais da evolu\u00e7\u00e3o. Essas trocas, realizadas em seu santu\u00e1rio dom\u00e9stico, tornam-se uma fonte inesgot\u00e1vel de reflex\u00e3o e aprendizado.<\/span><\/p>\n<p><span style=\"font-weight: 400;\">Prepare-se para uma leitura transformadora, que prop\u00f5e uma vis\u00e3o integrada e hol\u00edstica do universo, conectando ci\u00eancia, espiritualidade e filosofia em uma jornada de aprendizado atemporal.<\/span><\/p>\n","protected":false},"excerpt":{"rendered":"<p><span style=\"font-weight: 400;\">Prepare-se para uma leitura transformadora, que prop\u00f5e uma vis\u00e3o integrada e hol\u00edstica do universo, conectando ci\u00eancia, espiritualidade e filosofia em uma jornada de aprendizado atemporal.<\/span><\/p>\n","protected":false},"featured_media":1055,"comment_status":"open","ping_status":"closed","template":"","meta":[],"product_brand":[],"product_cat":[42],"product_tag":[],"class_list":{"0":"post-1054","1":"product","2":"type-product","3":"status-publish","4":"has-post-thumbnail","6":"product_cat-dirceu-abdala","8":"first","9":"instock","10":"shipping-taxable","11":"purchasable","12":"product-type-simple"},"_links":{"self":[{"href":"https:\/\/paz.org.br\/livraria\/wp-json\/wp\/v2\/product\/1054","targetHints":{"allow":["GET"]}}],"collection":[{"href":"https:\/\/paz.org.br\/livraria\/wp-json\/wp\/v2\/product"}],"about":[{"href":"https:\/\/paz.org.br\/livraria\/wp-json\/wp\/v2\/types\/product"}],"replies":[{"embeddable":true,"href":"https:\/\/paz.org.br\/livraria\/wp-json\/wp\/v2\/comments?post=1054"}],"wp:featuredmedia":[{"embeddable":true,"href":"https:\/\/paz.org.br\/livraria\/wp-json\/wp\/v2\/media\/1055"}],"wp:attachment":[{"href":"https:\/\/paz.org.br\/livraria\/wp-json\/wp\/v2\/media?parent=1054"}],"wp:term":[{"taxonomy":"product_brand","embeddable":true,"href":"https:\/\/paz.org.br\/livraria\/wp-json\/wp\/v2\/product_brand?post=1054"},{"taxonomy":"product_cat","embeddable":true,"href":"https:\/\/paz.org.br\/livraria\/wp-json\/wp\/v2\/product_cat?post=1054"},{"taxonomy":"product_tag","embeddable":true,"href":"https:\/\/paz.org.br\/livraria\/wp-json\/wp\/v2\/product_tag?post=1054"}],"curies":[{"name":"wp","href":"https:\/\/api.w.org\/{rel}","templated":true}]}}