{"id":67,"date":"2025-02-28T17:53:56","date_gmt":"2025-02-28T20:53:56","guid":{"rendered":"https:\/\/paz.org.br\/livraria\/?post_type=product&#038;p=67"},"modified":"2025-03-26T23:06:08","modified_gmt":"2025-03-27T02:06:08","slug":"mate-seu-cancer-morre-do-coracao-quem-quer","status":"publish","type":"product","link":"https:\/\/paz.org.br\/livraria\/produto\/mate-seu-cancer-morre-do-coracao-quem-quer\/","title":{"rendered":"Mate Seu C\u00e2ncer &#8211; Morre do Cora\u00e7\u00e3o Quem Quer"},"content":{"rendered":"<p>Ap\u00f3s quarenta anos de estudo, dedica\u00e7\u00e3o e conviv\u00eancia com muitos doentes e doen\u00e7as, Dirceu Abdala lan\u00e7a a segunda edi\u00e7\u00e3o de uma das suas grandes obras, Mate seu C\u00e2ncer. Voc\u00ea encontrar\u00e1 aqui um guia que ensina sobre sa\u00fade e oferece um novo estilo de vida que traz longevidade. Conhe\u00e7a as causas do c\u00e2ncer, a doen\u00e7a do s\u00e9culo, e como este mal est\u00e1 presente em todos os seres, basta uma situa\u00e7\u00e3o de anormalidade f\u00edsica ou ps\u00edquica para que ele desperte. Depare-se com uma escrita fluida, leitura f\u00e1cil e aprenda como evitar ou lidar com este mal. Encante-se com a profundidade deste estudo, a experi\u00eancia trazida em cada p\u00e1gina e a mudan\u00e7a que este livro proporcionar\u00e1 em sua vida. \u00c9 poss\u00edvel evitar ou matar o c\u00e2ncer e muitas outras doen\u00e7as! Saiba como, ao se encontrar com Dirceu e seus conhecimentos t\u00e3o fundamentais para a atualidade nessas p\u00e1ginas fascinantes.<\/p>\n","protected":false},"excerpt":{"rendered":"<p>Ap\u00f3s quarenta anos de estudo, dedica\u00e7\u00e3o e conviv\u00eancia com muitos doentes e doen\u00e7as, Dirceu Abdala lan\u00e7a a segunda edi\u00e7\u00e3o de uma das suas grandes obras, Mate seu C\u00e2ncer. Voc\u00ea encontrar\u00e1 aqui um guia que ensina sobre sa\u00fade e oferece um novo estilo de vida que traz longevidade.<\/p>\n","protected":false},"featured_media":68,"comment_status":"open","ping_status":"closed","template":"","meta":[],"product_brand":[],"product_cat":[42,21],"product_tag":[],"class_list":{"0":"post-67","1":"product","2":"type-product","3":"status-publish","4":"has-post-thumbnail","6":"product_cat-dirceu-abdala","7":"product_cat-saude","9":"first","10":"instock","11":"sale","12":"shipping-taxable","13":"purchasable","14":"product-type-simple"},"_links":{"self":[{"href":"https:\/\/paz.org.br\/livraria\/wp-json\/wp\/v2\/product\/67","targetHints":{"allow":["GET"]}}],"collection":[{"href":"https:\/\/paz.org.br\/livraria\/wp-json\/wp\/v2\/product"}],"about":[{"href":"https:\/\/paz.org.br\/livraria\/wp-json\/wp\/v2\/types\/product"}],"replies":[{"embeddable":true,"href":"https:\/\/paz.org.br\/livraria\/wp-json\/wp\/v2\/comments?post=67"}],"wp:featuredmedia":[{"embeddable":true,"href":"https:\/\/paz.org.br\/livraria\/wp-json\/wp\/v2\/media\/68"}],"wp:attachment":[{"href":"https:\/\/paz.org.br\/livraria\/wp-json\/wp\/v2\/media?parent=67"}],"wp:term":[{"taxonomy":"product_brand","embeddable":true,"href":"https:\/\/paz.org.br\/livraria\/wp-json\/wp\/v2\/product_brand?post=67"},{"taxonomy":"product_cat","embeddable":true,"href":"https:\/\/paz.org.br\/livraria\/wp-json\/wp\/v2\/product_cat?post=67"},{"taxonomy":"product_tag","embeddable":true,"href":"https:\/\/paz.org.br\/livraria\/wp-json\/wp\/v2\/product_tag?post=67"}],"curies":[{"name":"wp","href":"https:\/\/api.w.org\/{rel}","templated":true}]}}