{"id":84,"date":"2025-02-28T19:02:23","date_gmt":"2025-02-28T22:02:23","guid":{"rendered":"https:\/\/paz.org.br\/livraria\/?post_type=product&#038;p=84"},"modified":"2025-03-17T16:39:27","modified_gmt":"2025-03-17T19:39:27","slug":"nosso-renascer-cosmogenese-planetaria","status":"publish","type":"product","link":"https:\/\/paz.org.br\/livraria\/produto\/nosso-renascer-cosmogenese-planetaria\/","title":{"rendered":"Nosso Renascer &#8211; Cosmog\u00eanese Planet\u00e1ria"},"content":{"rendered":"<p>Com o subt\u00edtulo de &#8220;Da Microvida ao Homem, Elos da Evolu\u00e7\u00e3o&#8221;, a presente obra desperta no leitor a conscientiza\u00e7\u00e3o de que a evoluc\u00e3o n\u00e3o pode ser fisiologica e nem criacionista, mas o somatorio de todas as teorias. Pois tudo caminha \u00e0 perfeic\u00e3o. N\u00e3o se pode buscar uma em detrimento da outra teoria, por n\u00e3o encontrar uma soluc\u00e3o ideal. Assim, buscamos o inicio de tudo, da energia primitiva do homem, os dois elementos mais importantes da evolu\u00e7\u00e3o.<\/p>\n","protected":false},"excerpt":{"rendered":"<p>Com o subt\u00edtulo de &#8220;Da Microvida ao Homem, Elos da Evolu\u00e7\u00e3o&#8221;, a presente obra desperta no leitor a conscientiza\u00e7\u00e3o de que a evoluc\u00e3o n\u00e3o pode ser fisiologica e nem criacionista, mas o somatorio de todas as teorias. Pois tudo caminha \u00e0 perfeic\u00e3o.<\/p>\n","protected":false},"featured_media":71,"comment_status":"open","ping_status":"closed","template":"","meta":[],"product_brand":[],"product_cat":[42],"product_tag":[],"class_list":{"0":"post-84","1":"product","2":"type-product","3":"status-publish","4":"has-post-thumbnail","6":"product_cat-dirceu-abdala","8":"first","9":"instock","10":"sale","11":"shipping-taxable","12":"purchasable","13":"product-type-simple"},"_links":{"self":[{"href":"https:\/\/paz.org.br\/livraria\/wp-json\/wp\/v2\/product\/84","targetHints":{"allow":["GET"]}}],"collection":[{"href":"https:\/\/paz.org.br\/livraria\/wp-json\/wp\/v2\/product"}],"about":[{"href":"https:\/\/paz.org.br\/livraria\/wp-json\/wp\/v2\/types\/product"}],"replies":[{"embeddable":true,"href":"https:\/\/paz.org.br\/livraria\/wp-json\/wp\/v2\/comments?post=84"}],"wp:featuredmedia":[{"embeddable":true,"href":"https:\/\/paz.org.br\/livraria\/wp-json\/wp\/v2\/media\/71"}],"wp:attachment":[{"href":"https:\/\/paz.org.br\/livraria\/wp-json\/wp\/v2\/media?parent=84"}],"wp:term":[{"taxonomy":"product_brand","embeddable":true,"href":"https:\/\/paz.org.br\/livraria\/wp-json\/wp\/v2\/product_brand?post=84"},{"taxonomy":"product_cat","embeddable":true,"href":"https:\/\/paz.org.br\/livraria\/wp-json\/wp\/v2\/product_cat?post=84"},{"taxonomy":"product_tag","embeddable":true,"href":"https:\/\/paz.org.br\/livraria\/wp-json\/wp\/v2\/product_tag?post=84"}],"curies":[{"name":"wp","href":"https:\/\/api.w.org\/{rel}","templated":true}]}}