{"id":91,"date":"2025-02-28T19:19:40","date_gmt":"2025-02-28T22:19:40","guid":{"rendered":"https:\/\/paz.org.br\/livraria\/?post_type=product&#038;p=91"},"modified":"2025-03-17T08:17:11","modified_gmt":"2025-03-17T11:17:11","slug":"brasil-coracao-do-mundo-patria-do-evangelho","status":"publish","type":"product","link":"https:\/\/paz.org.br\/livraria\/produto\/brasil-coracao-do-mundo-patria-do-evangelho\/","title":{"rendered":"Brasil, Cora\u00e7\u00e3o do Mundo, P\u00e1tria do Evangelho"},"content":{"rendered":"<p>Este surpreendente livro vem esclarecer as origens remotas da forma\u00e7\u00e3o da P\u00e1tria do Evangelho, como afirma o Esp\u00edrito Emmanuel no pref\u00e1cio. Ditado em 1938 a Francisco C\u00e2ndido Xavier, analisa fatos da Hist\u00f3ria do Brasil, objetivando demonstrar a miss\u00e3o evangelizadora da na\u00e7\u00e3o e o acompanhamento feito por Jesus do seu processo evolutivo. A partir de impressionantes dados colhidos no plano espiritual, tece coment\u00e1rios sobre a escravid\u00e3o, os movimentos nativistas, a Independ\u00eancia, a Guerra do Paraguai, o Espiritismo e o Movimento Esp\u00edrita no Brasil. Explica a miss\u00e3o da p\u00e1tria brasileira como \u201ccora\u00e7\u00e3o espiritual da Terra\u201d, evidenciada pela espont\u00e2nea e enorme acolhida que a Doutrina Esp\u00edrita, codificada por Allan Kardec, teve em nosso pa\u00eds, concitando o povo \u00e0 pr\u00e1tica do Evangelho de Jesus, a fim de irradiar \u00e0 humanidade a paz e a fraternidade.<\/p>\n","protected":false},"excerpt":{"rendered":"<p>Este surpreendente livro vem esclarecer as origens remotas da forma\u00e7\u00e3o da P\u00e1tria do Evangelho, como afirma o Esp\u00edrito Emmanuel no pref\u00e1cio. Ditado em 1938 a Francisco C\u00e2ndido Xavier, analisa fatos da Hist\u00f3ria do Brasil, objetivando demonstrar a miss\u00e3o evangelizadora da na\u00e7\u00e3o e o acompanhamento feito por Jesus do seu processo evolutivo.<\/p>\n","protected":false},"featured_media":74,"comment_status":"open","ping_status":"closed","template":"","meta":[],"product_brand":[],"product_cat":[39,41],"product_tag":[],"class_list":{"0":"post-91","1":"product","2":"type-product","3":"status-publish","4":"has-post-thumbnail","6":"product_cat-chico-xavier","7":"product_cat-humberto-de-campos","9":"first","10":"instock","11":"sale","12":"shipping-taxable","13":"purchasable","14":"product-type-simple"},"_links":{"self":[{"href":"https:\/\/paz.org.br\/livraria\/wp-json\/wp\/v2\/product\/91","targetHints":{"allow":["GET"]}}],"collection":[{"href":"https:\/\/paz.org.br\/livraria\/wp-json\/wp\/v2\/product"}],"about":[{"href":"https:\/\/paz.org.br\/livraria\/wp-json\/wp\/v2\/types\/product"}],"replies":[{"embeddable":true,"href":"https:\/\/paz.org.br\/livraria\/wp-json\/wp\/v2\/comments?post=91"}],"wp:featuredmedia":[{"embeddable":true,"href":"https:\/\/paz.org.br\/livraria\/wp-json\/wp\/v2\/media\/74"}],"wp:attachment":[{"href":"https:\/\/paz.org.br\/livraria\/wp-json\/wp\/v2\/media?parent=91"}],"wp:term":[{"taxonomy":"product_brand","embeddable":true,"href":"https:\/\/paz.org.br\/livraria\/wp-json\/wp\/v2\/product_brand?post=91"},{"taxonomy":"product_cat","embeddable":true,"href":"https:\/\/paz.org.br\/livraria\/wp-json\/wp\/v2\/product_cat?post=91"},{"taxonomy":"product_tag","embeddable":true,"href":"https:\/\/paz.org.br\/livraria\/wp-json\/wp\/v2\/product_tag?post=91"}],"curies":[{"name":"wp","href":"https:\/\/api.w.org\/{rel}","templated":true}]}}