{"id":92,"date":"2025-02-28T19:22:56","date_gmt":"2025-02-28T22:22:56","guid":{"rendered":"https:\/\/paz.org.br\/livraria\/?post_type=product&#038;p=92"},"modified":"2025-03-17T08:16:45","modified_gmt":"2025-03-17T11:16:45","slug":"missionarios-da-luz","status":"publish","type":"product","link":"https:\/\/paz.org.br\/livraria\/produto\/missionarios-da-luz\/","title":{"rendered":"Mission\u00e1rios da Luz"},"content":{"rendered":"<p>Com psicografia de Francisco C\u00e2ndido Xavier, os 20 cap\u00edtulos que comp\u00f5em Mission\u00e1rios da Luz apresentam os mist\u00e9rios da reencarna\u00e7\u00e3o e todo o trabalho dos encarregados de conduzir o processo do renascimento. \u00c9 a continuidade do aprendizado na vida espiritual e da certeza de que a morte f\u00edsica \u00e9 apenas o in\u00edcio de uma nova jornada. A partir das palavras do Esp\u00edrito Andr\u00e9 Luiz, conhecemos a import\u00e2ncia do esfor\u00e7o na busca pelo autoaperfei\u00e7oamento, a participa\u00e7\u00e3o do perisp\u00edrito como organiza\u00e7\u00e3o que molda as c\u00e9lulas do corpo e as diversas formas poss\u00edveis para manifesta\u00e7\u00f5es medi\u00fanicas e contatos entre os planos terrestre e espiritual. Terceiro volume da cole\u00e7\u00e3o &#8220;A Vida no Mundo Espiritual&#8221;, Mission\u00e1rios da luz ensina que a Provid\u00eancia divina sempre concede ao homem novos campos de trabalho, por meio da renova\u00e7\u00e3o incessante da vida pela reencarna\u00e7\u00e3o.<\/p>\n","protected":false},"excerpt":{"rendered":"<p>Com psicografia de Francisco C\u00e2ndido Xavier, os 20 cap\u00edtulos que comp\u00f5em Mission\u00e1rios da Luz apresentam os mist\u00e9rios da reencarna\u00e7\u00e3o e todo o trabalho dos encarregados de conduzir o processo do renascimento.<\/p>\n","protected":false},"featured_media":75,"comment_status":"open","ping_status":"closed","template":"","meta":[],"product_brand":[],"product_cat":[40,39],"product_tag":[],"class_list":{"0":"post-92","1":"product","2":"type-product","3":"status-publish","4":"has-post-thumbnail","6":"product_cat-andre-luiz","7":"product_cat-chico-xavier","9":"first","10":"instock","11":"sale","12":"shipping-taxable","13":"purchasable","14":"product-type-simple"},"_links":{"self":[{"href":"https:\/\/paz.org.br\/livraria\/wp-json\/wp\/v2\/product\/92","targetHints":{"allow":["GET"]}}],"collection":[{"href":"https:\/\/paz.org.br\/livraria\/wp-json\/wp\/v2\/product"}],"about":[{"href":"https:\/\/paz.org.br\/livraria\/wp-json\/wp\/v2\/types\/product"}],"replies":[{"embeddable":true,"href":"https:\/\/paz.org.br\/livraria\/wp-json\/wp\/v2\/comments?post=92"}],"wp:featuredmedia":[{"embeddable":true,"href":"https:\/\/paz.org.br\/livraria\/wp-json\/wp\/v2\/media\/75"}],"wp:attachment":[{"href":"https:\/\/paz.org.br\/livraria\/wp-json\/wp\/v2\/media?parent=92"}],"wp:term":[{"taxonomy":"product_brand","embeddable":true,"href":"https:\/\/paz.org.br\/livraria\/wp-json\/wp\/v2\/product_brand?post=92"},{"taxonomy":"product_cat","embeddable":true,"href":"https:\/\/paz.org.br\/livraria\/wp-json\/wp\/v2\/product_cat?post=92"},{"taxonomy":"product_tag","embeddable":true,"href":"https:\/\/paz.org.br\/livraria\/wp-json\/wp\/v2\/product_tag?post=92"}],"curies":[{"name":"wp","href":"https:\/\/api.w.org\/{rel}","templated":true}]}}