{"id":93,"date":"2025-02-28T19:26:44","date_gmt":"2025-02-28T22:26:44","guid":{"rendered":"https:\/\/paz.org.br\/livraria\/?post_type=product&#038;p=93"},"modified":"2025-03-17T08:16:28","modified_gmt":"2025-03-17T11:16:28","slug":"sexo-e-destino","status":"publish","type":"product","link":"https:\/\/paz.org.br\/livraria\/produto\/sexo-e-destino\/","title":{"rendered":"Sexo e Destino"},"content":{"rendered":"<p>No Rio de Janeiro de meados do s\u00e9culo XX, a trajet\u00f3ria de duas fam\u00edlias \u2013 Torres e Nogueira \u2013 se entrela\u00e7a em tramas repletas de amor, paix\u00e3o, vaidade, lux\u00faria e \u00f3dio, preenchendo exist\u00eancias de trag\u00e9dia e favorecendo a concretiza\u00e7\u00e3o de obsess\u00f5es doentias no esp\u00edrito de jovens e adultos membros das fam\u00edlias. Auxiliado pela psicografia de Francisco C\u00e2ndido Xavier e Waldo Vieira, o Esp\u00edrito Andr\u00e9 Luiz apresenta o 12\u00ba e mais denso romance da cole\u00e7\u00e3o &#8220;A Vida no Mundo Espiritual&#8221;, intercalando reflex\u00f5es sobre amor e consci\u00eancia, liberdade e compromisso, culpa e resgate, lar e reencarna\u00e7\u00e3o, com respostas sobre o relacionamento sexual humano e a consequ\u00eancia das condutas e experi\u00eancias sexuais do presente em vidas futuras, sujeitas \u00e0s leis de causa e efeito que podem delinear todo o destino do ser.<\/p>\n","protected":false},"excerpt":{"rendered":"<p>No Rio de Janeiro de meados do s\u00e9culo XX, a trajet\u00f3ria de duas fam\u00edlias \u2013 Torres e Nogueira \u2013 se entrela\u00e7a em tramas repletas de amor, paix\u00e3o, vaidade, lux\u00faria e \u00f3dio, preenchendo exist\u00eancias de trag\u00e9dia e favorecendo a concretiza\u00e7\u00e3o de obsess\u00f5es doentias no esp\u00edrito de jovens e adultos membros das fam\u00edlias.<\/p>\n","protected":false},"featured_media":76,"comment_status":"open","ping_status":"closed","template":"","meta":[],"product_brand":[],"product_cat":[40,39,45],"product_tag":[],"class_list":{"0":"post-93","1":"product","2":"type-product","3":"status-publish","4":"has-post-thumbnail","6":"product_cat-andre-luiz","7":"product_cat-chico-xavier","8":"product_cat-waldo-vieira","10":"first","11":"instock","12":"sale","13":"shipping-taxable","14":"purchasable","15":"product-type-simple"},"_links":{"self":[{"href":"https:\/\/paz.org.br\/livraria\/wp-json\/wp\/v2\/product\/93","targetHints":{"allow":["GET"]}}],"collection":[{"href":"https:\/\/paz.org.br\/livraria\/wp-json\/wp\/v2\/product"}],"about":[{"href":"https:\/\/paz.org.br\/livraria\/wp-json\/wp\/v2\/types\/product"}],"replies":[{"embeddable":true,"href":"https:\/\/paz.org.br\/livraria\/wp-json\/wp\/v2\/comments?post=93"}],"wp:featuredmedia":[{"embeddable":true,"href":"https:\/\/paz.org.br\/livraria\/wp-json\/wp\/v2\/media\/76"}],"wp:attachment":[{"href":"https:\/\/paz.org.br\/livraria\/wp-json\/wp\/v2\/media?parent=93"}],"wp:term":[{"taxonomy":"product_brand","embeddable":true,"href":"https:\/\/paz.org.br\/livraria\/wp-json\/wp\/v2\/product_brand?post=93"},{"taxonomy":"product_cat","embeddable":true,"href":"https:\/\/paz.org.br\/livraria\/wp-json\/wp\/v2\/product_cat?post=93"},{"taxonomy":"product_tag","embeddable":true,"href":"https:\/\/paz.org.br\/livraria\/wp-json\/wp\/v2\/product_tag?post=93"}],"curies":[{"name":"wp","href":"https:\/\/api.w.org\/{rel}","templated":true}]}}