{"id":94,"date":"2025-02-28T19:30:50","date_gmt":"2025-02-28T22:30:50","guid":{"rendered":"https:\/\/paz.org.br\/livraria\/?post_type=product&#038;p=94"},"modified":"2025-03-17T08:16:10","modified_gmt":"2025-03-17T11:16:10","slug":"entre-a-terra-e-o-ceu","status":"publish","type":"product","link":"https:\/\/paz.org.br\/livraria\/produto\/entre-a-terra-e-o-ceu\/","title":{"rendered":"Entre a Terra e o C\u00e9u"},"content":{"rendered":"<p>J\u00e1 diz o Esp\u00edrito Emmanuel na apresenta\u00e7\u00e3o desta obra: \u201cEm quase todas as p\u00e1ginas deste livro, temos a vida comum das almas que aspiram \u00e0 vit\u00f3ria sobre si mesmas, valendo-se dos tesouros do tempo, para a aquisi\u00e7\u00e3o de luz renovadora\u201d. A partir da psicografia de Francisco C\u00e2ndido Xavier, o Esp\u00edrito Andr\u00e9 Luiz nos conta a comovente hist\u00f3ria do trio formado por Zulmira, Amaro e Odila, cujo relacionamento nos planos terrestre e espiritual influenciou profundamente a trajet\u00f3ria de diversos Esp\u00edritos a eles relacionados, permeando em suas vidas desajustes familiares, ci\u00fames e lutas cotidianas. Apresentando diversas encarna\u00e7\u00f5es, o autor espiritual surpreende o leitor com conhecimentos e emo\u00e7\u00f5es. Preocupa-se em contribuir para o aprimoramento \u00edntimo de cada ser que habita a realidade f\u00edsica, uma vez que considera verdadeira a premissa de que \u201ca Lei \u00e9 viva e a Justi\u00e7a n\u00e3o falha!&#8221;. Recomenda que devemos esquecer o mal para sempre e semear o bem cada dia. S\u00e9timo volume da s\u00e9rie &#8220;A Vida no Mundo Espiritual&#8221;.<\/p>\n","protected":false},"excerpt":{"rendered":"<p>J\u00e1 diz o Esp\u00edrito Emmanuel na apresenta\u00e7\u00e3o desta obra: \u201cEm quase todas as p\u00e1ginas deste livro, temos a vida comum das almas que aspiram \u00e0 vit\u00f3ria sobre si mesmas, valendo-se dos tesouros do tempo, para a aquisi\u00e7\u00e3o de luz renovadora\u201d.<\/p>\n","protected":false},"featured_media":95,"comment_status":"open","ping_status":"closed","template":"","meta":[],"product_brand":[],"product_cat":[40,39,36],"product_tag":[],"class_list":{"0":"post-94","1":"product","2":"type-product","3":"status-publish","4":"has-post-thumbnail","6":"product_cat-andre-luiz","7":"product_cat-chico-xavier","8":"product_cat-romance","10":"first","11":"instock","12":"sale","13":"shipping-taxable","14":"purchasable","15":"product-type-simple"},"_links":{"self":[{"href":"https:\/\/paz.org.br\/livraria\/wp-json\/wp\/v2\/product\/94","targetHints":{"allow":["GET"]}}],"collection":[{"href":"https:\/\/paz.org.br\/livraria\/wp-json\/wp\/v2\/product"}],"about":[{"href":"https:\/\/paz.org.br\/livraria\/wp-json\/wp\/v2\/types\/product"}],"replies":[{"embeddable":true,"href":"https:\/\/paz.org.br\/livraria\/wp-json\/wp\/v2\/comments?post=94"}],"wp:featuredmedia":[{"embeddable":true,"href":"https:\/\/paz.org.br\/livraria\/wp-json\/wp\/v2\/media\/95"}],"wp:attachment":[{"href":"https:\/\/paz.org.br\/livraria\/wp-json\/wp\/v2\/media?parent=94"}],"wp:term":[{"taxonomy":"product_brand","embeddable":true,"href":"https:\/\/paz.org.br\/livraria\/wp-json\/wp\/v2\/product_brand?post=94"},{"taxonomy":"product_cat","embeddable":true,"href":"https:\/\/paz.org.br\/livraria\/wp-json\/wp\/v2\/product_cat?post=94"},{"taxonomy":"product_tag","embeddable":true,"href":"https:\/\/paz.org.br\/livraria\/wp-json\/wp\/v2\/product_tag?post=94"}],"curies":[{"name":"wp","href":"https:\/\/api.w.org\/{rel}","templated":true}]}}