{"id":97,"date":"2025-02-28T19:36:16","date_gmt":"2025-02-28T22:36:16","guid":{"rendered":"https:\/\/paz.org.br\/livraria\/?post_type=product&#038;p=97"},"modified":"2025-03-17T08:14:21","modified_gmt":"2025-03-17T11:14:21","slug":"cinquenta-anos-depois","status":"publish","type":"product","link":"https:\/\/paz.org.br\/livraria\/produto\/cinquenta-anos-depois\/","title":{"rendered":"Cinquenta Anos Depois"},"content":{"rendered":"<p>Somente os s\u00e9culos de trabalho e dor poder\u00e3o anular os s\u00e9culos de ego\u00edsmo, orgulho e ambi\u00e7\u00e3o que nos conduziram \u00e0 iniquidade! Passados cinquenta anos de sua trajet\u00f3ria como o senador Publius Lentulus, o Esp\u00edrito Emmanuel retorna \u00e0 exist\u00eancia terrena em uma realidade totalmente diferente da anterior. Como o escravo Nest\u00f3rio, o autor espiritual vivencia a lei de causa e efeito e reencontra alguns personagens apresentados no livro H\u00e1 dois mil anos, enquanto percorre um caminho de aprendizado sobre orgulho e vaidade, sob sincera miseric\u00f3rdia do Senhor. A psicografi\u00aca do m\u00e9dium Francisco C\u00e2ndido Xavier apresenta ainda a hist\u00f3ria da jovem C\u00e9lia, mulher de cora\u00e7\u00e3o sublime que vivenciou as li\u00e7\u00f5es de Jesus de maneira profunda e intensamente influenciou Nest\u00f3rio com exemplos de humildade e calma em pleno Cristianismo nascente do s\u00e9culo II.<\/p>\n","protected":false},"excerpt":{"rendered":"<p>Somente os s\u00e9culos de trabalho e dor poder\u00e3o anular os s\u00e9culos de ego\u00edsmo, orgulho e ambi\u00e7\u00e3o que nos conduziram \u00e0 iniquidade! Passados cinquenta anos de sua trajet\u00f3ria como o senador Publius Lentulus, o Esp\u00edrito Emmanuel retorna \u00e0 exist\u00eancia terrena.<\/p>\n","protected":false},"featured_media":78,"comment_status":"open","ping_status":"closed","template":"","meta":[],"product_brand":[],"product_cat":[39,43,36],"product_tag":[],"class_list":{"0":"post-97","1":"product","2":"type-product","3":"status-publish","4":"has-post-thumbnail","6":"product_cat-chico-xavier","7":"product_cat-emmanuel","8":"product_cat-romance","10":"first","11":"instock","12":"shipping-taxable","13":"purchasable","14":"product-type-simple"},"_links":{"self":[{"href":"https:\/\/paz.org.br\/livraria\/wp-json\/wp\/v2\/product\/97","targetHints":{"allow":["GET"]}}],"collection":[{"href":"https:\/\/paz.org.br\/livraria\/wp-json\/wp\/v2\/product"}],"about":[{"href":"https:\/\/paz.org.br\/livraria\/wp-json\/wp\/v2\/types\/product"}],"replies":[{"embeddable":true,"href":"https:\/\/paz.org.br\/livraria\/wp-json\/wp\/v2\/comments?post=97"}],"wp:featuredmedia":[{"embeddable":true,"href":"https:\/\/paz.org.br\/livraria\/wp-json\/wp\/v2\/media\/78"}],"wp:attachment":[{"href":"https:\/\/paz.org.br\/livraria\/wp-json\/wp\/v2\/media?parent=97"}],"wp:term":[{"taxonomy":"product_brand","embeddable":true,"href":"https:\/\/paz.org.br\/livraria\/wp-json\/wp\/v2\/product_brand?post=97"},{"taxonomy":"product_cat","embeddable":true,"href":"https:\/\/paz.org.br\/livraria\/wp-json\/wp\/v2\/product_cat?post=97"},{"taxonomy":"product_tag","embeddable":true,"href":"https:\/\/paz.org.br\/livraria\/wp-json\/wp\/v2\/product_tag?post=97"}],"curies":[{"name":"wp","href":"https:\/\/api.w.org\/{rel}","templated":true}]}}