{"id":99,"date":"2025-02-28T19:39:36","date_gmt":"2025-02-28T22:39:36","guid":{"rendered":"https:\/\/paz.org.br\/livraria\/?post_type=product&#038;p=99"},"modified":"2025-06-12T09:55:47","modified_gmt":"2025-06-12T12:55:47","slug":"o-que-a-doutrina-espirita-pode-fazer-por-voce-transcricoes-e-apontamentos-pequeno","status":"publish","type":"product","link":"https:\/\/paz.org.br\/livraria\/produto\/o-que-a-doutrina-espirita-pode-fazer-por-voce-transcricoes-e-apontamentos-pequeno\/","title":{"rendered":"O Que a Doutrina Esp\u00edrita Pode Fazer Por Voc\u00ea &#8211; Transcri\u00e7\u00f5es e Apontamentos (Pequeno)"},"content":{"rendered":"<p>A Doutrina Esp\u00edrita \u00e9 obra simples e amorosa de Jesus. Para se dedicar a ela, h\u00e1 que se ter muito estudo, pois, embora apresente f\u00e1cil compreens\u00e3o, tamb\u00e9m denota conte\u00fados extensos. Dirceu Abdala tem observado que grande parte dos centros esp\u00edritas, com razo\u00e1vel exce\u00e7\u00e3o, complica tudo, dificultando o aprendizado, mormente na desobsess\u00e3o, na aplica\u00e7\u00e3o de passe, na \u00e1gua fluida e no tratamento dos doentes. Ou seja, pela aus\u00eancia de estudos, que s\u00e3o essenciais na Doutrina Esp\u00edrita, ocorrem pr\u00e1ticas que n\u00e3o condizem com a referida simplicidade.O importante papel da Doutrina \u00e9 seguir os ensinamentos de Nosso Senhor, codificados por Allan Kardec, nosso querido Chico Xavier. Este livro, por meio de uma compila\u00e7\u00e3o de transcri\u00e7\u00f5es de obras cl\u00e1ssicas no espiritismo e de apontamentos do autor desta obra, procura ajudar as pessoas a entenderem os significados do passe, da \u00e1gua fluida, da desobsess\u00e3o e o papel da Doutrina em nossa evolu\u00e7\u00e3o.<\/p>\n","protected":false},"excerpt":{"rendered":"<p>A Doutrina Esp\u00edrita \u00e9 obra simples e amorosa de Jesus. Para se dedicar a ela, h\u00e1 que se ter muito estudo, pois, embora apresente f\u00e1cil compreens\u00e3o, tamb\u00e9m denota conte\u00fados extensos.<\/p>\n","protected":false},"featured_media":72,"comment_status":"open","ping_status":"closed","template":"","meta":[],"product_brand":[],"product_cat":[42,38],"product_tag":[],"class_list":{"0":"post-99","1":"product","2":"type-product","3":"status-publish","4":"has-post-thumbnail","6":"product_cat-dirceu-abdala","7":"product_cat-ensino","9":"first","10":"instock","11":"sale","12":"shipping-taxable","13":"purchasable","14":"product-type-simple"},"_links":{"self":[{"href":"https:\/\/paz.org.br\/livraria\/wp-json\/wp\/v2\/product\/99","targetHints":{"allow":["GET"]}}],"collection":[{"href":"https:\/\/paz.org.br\/livraria\/wp-json\/wp\/v2\/product"}],"about":[{"href":"https:\/\/paz.org.br\/livraria\/wp-json\/wp\/v2\/types\/product"}],"replies":[{"embeddable":true,"href":"https:\/\/paz.org.br\/livraria\/wp-json\/wp\/v2\/comments?post=99"}],"wp:featuredmedia":[{"embeddable":true,"href":"https:\/\/paz.org.br\/livraria\/wp-json\/wp\/v2\/media\/72"}],"wp:attachment":[{"href":"https:\/\/paz.org.br\/livraria\/wp-json\/wp\/v2\/media?parent=99"}],"wp:term":[{"taxonomy":"product_brand","embeddable":true,"href":"https:\/\/paz.org.br\/livraria\/wp-json\/wp\/v2\/product_brand?post=99"},{"taxonomy":"product_cat","embeddable":true,"href":"https:\/\/paz.org.br\/livraria\/wp-json\/wp\/v2\/product_cat?post=99"},{"taxonomy":"product_tag","embeddable":true,"href":"https:\/\/paz.org.br\/livraria\/wp-json\/wp\/v2\/product_tag?post=99"}],"curies":[{"name":"wp","href":"https:\/\/api.w.org\/{rel}","templated":true}]}}